{"id":744,"date":"2021-03-23T04:39:44","date_gmt":"2021-03-23T04:39:44","guid":{"rendered":"https:\/\/mricentersoftexas.com\/?page_id=744"},"modified":"2022-03-17T18:10:56","modified_gmt":"2022-03-17T18:10:56","slug":"que-es-la-g-scan-mri","status":"publish","type":"page","link":"https:\/\/mricentersoftexas.com\/es\/what-is-g-scan-mri\/","title":{"rendered":"\u00bfQu\u00e9 es la RM G-scan?"},"content":{"rendered":"<div class=\"fusion-fullwidth fullwidth-box fusion-builder-row-1 nonhundred-percent-fullwidth non-hundred-percent-height-scrolling\" style=\"--awb-border-radius-top-left:0px;--awb-border-radius-top-right:0px;--awb-border-radius-bottom-right:0px;--awb-border-radius-bottom-left:0px;--awb-background-color:#ffffff;--awb-flex-wrap:wrap;\" ><div class=\"fusion-builder-row fusion-row\"><div class=\"fusion-layout-column fusion_builder_column fusion-builder-column-0 fusion_builder_column_1_1 1_1 fusion-one-full fusion-column-first fusion-column-last\" style=\"--awb-bg-size:cover;\"><div class=\"fusion-column-wrapper fusion-column-has-shadow fusion-flex-column-wrapper-legacy\"><div class=\"fusion-title title fusion-title-1 fusion-title-text fusion-title-size-one\"><h1 class=\"fusion-title-heading title-heading-left fusion-responsive-typography-calculated\" style=\"margin:0;--fontSize:40;line-height:1.4;\">\u00bfQu\u00e9 es la RM G-scan?<\/h1><span class=\"awb-title-spacer\"><\/span><div class=\"title-sep-container\"><div class=\"title-sep sep- sep-solid\" style=\"border-color:#3e3e3e;\"><\/div><\/div><\/div><div class=\"fusion-video fusion-selfhosted-video\" style=\"max-width:100%;\"><div class=\"video-wrapper\"><video playsinline=\"true\" width=\"100%\" style=\"object-fit: cover;\" autoplay=\"true\" muted=\"true\" loop=\"true\" preload=\"auto\" controls=\"1\"><source src=\"https:\/\/mricentersoftexas.com\/wp-content\/uploads\/2021\/03\/GSCAN-MRI-Apple-Devices-HD-Most-Compatible.m4v\" type=\"video\/mp4\">Lo sentimos, su navegador no admite v\u00eddeos incrustados.<\/video><\/div><\/div><div class=\"fusion-clearfix\"><\/div><\/div><\/div><div class=\"fusion-layout-column fusion_builder_column fusion-builder-column-1 fusion_builder_column_2_3 2_3 fusion-two-third fusion-column-first\" style=\"--awb-bg-size:cover;width:66.666666666667%;width:calc(66.666666666667% - ( ( 4% ) * 0.66666666666667 ) );margin-right: 4%;\"><div class=\"fusion-column-wrapper fusion-column-has-shadow fusion-flex-column-wrapper-legacy\"><div class=\"fusion-text fusion-text-1\"><p>Los MRI Centers of Texas ofrecen un enfoque revolucionario de la IRM que aumenta la precisi\u00f3n diagn\u00f3stica y la confianza en las aplicaciones musculoesquel\u00e9ticas. Nuestro <strong>G-scan<\/strong> est\u00e1 dise\u00f1ado espec\u00edficamente para todas las aplicaciones musculoesquel\u00e9ticas. El dise\u00f1o abierto e inclinable es una forma nueva e innovadora de realizar RM en la que la posici\u00f3n del paciente se convierte en parte integrante del resultado del examen.<span class=\"Apple-converted-space\">\u00a0<\/span><\/p>\n<p>En <strong>G-scan<\/strong> cuenta con funciones y prestaciones avanzadas como:<\/p>\n<ul>\n<li>Calidad de imagen impresionante<\/li>\n<li>Mayor precisi\u00f3n diagn\u00f3stica<\/li>\n<li>Reducci\u00f3n de artefactos met\u00e1licos<\/li>\n<li>Facturaci\u00f3n global<\/li>\n<li>Cirug\u00eda de espalda previa SIN PROBLEMAS<\/li>\n<li>Im\u00e1n permanente abierto<\/li>\n<li>P\u00f3rtico giratorio<\/li>\n<li>Soporte de peso: la posici\u00f3n del paciente se convierte en parte integrante del resultado del examen. Aplicaciones de flexi\u00f3n, extensi\u00f3n y soporte de peso.<\/li>\n<li>Cama de paciente optimizada y ergon\u00f3mica para un posicionamiento sencillo y una comodidad excelente durante los ex\u00e1menes.<\/li>\n<li>Capacidades de diagn\u00f3stico adicionales: dado que la fuerza de la gravedad genera cambios biomec\u00e1nicos en la anatom\u00eda, la obtenci\u00f3n de im\u00e1genes por RM en una posici\u00f3n natural, de pie, permite obtener informaci\u00f3n adicional importante en comparaci\u00f3n con la RM tradicional.<\/li>\n<li>Completo conjunto de secuencias que incluye secuencias turbo, adquisici\u00f3n en estado estacionario y X-Bone. G-scan Brio incluye un amplio conjunto de secuencias especializadas adecuadas para todos los requisitos de obtenci\u00f3n de im\u00e1genes MSK.<\/li>\n<li>Secuencias definidas por el usuario y protocolos de examen personalizados<\/li>\n<li>Explorador multiplanar<\/li>\n<li>Capacidad de servicio remoto<\/li>\n<li>Tecnolog\u00eda eXP: para una RM m\u00e1s r\u00e1pida y mejor<\/li>\n<\/ul>\n<p><a href=\"https:\/\/mricentersoftexas.com\/es\/solicitud-de-cita\/\">Horario<\/a>\u00a0 su G-Scan en MRI Centers of Texas abierto 7 d\u00edas a la semana<\/p>\n<\/div><div class=\"fusion-title title fusion-title-2 fusion-title-center fusion-title-text fusion-title-size-one\" style=\"--awb-margin-top:2px;--awb-margin-right:2px;--awb-margin-bottom:2px;--awb-margin-left:2px;--awb-margin-top-small:2px;--awb-margin-bottom-small:2px;\"><div class=\"title-sep-container title-sep-container-left\"><div class=\"title-sep sep- sep-solid\" style=\"border-color:#3e3e3e;\"><\/div><\/div><span class=\"awb-title-spacer\"><\/span><h1 class=\"fusion-title-heading title-heading-center fusion-responsive-typography-calculated\" style=\"margin:0;--fontSize:40;line-height:1.4;text-shadow:0px;\"><a href=\"https:\/\/mricentersoftexas.com\/wp-content\/uploads\/2021\/05\/Open-MRI-Flyer.pdf\" class=\"awb-custom-text-color awb-custom-text-hover-color\" target=\"_blank\"><p style=\"text-align: left;\">Descargue ahora nuestro folleto<\/p><\/a><\/h1><span class=\"awb-title-spacer\"><\/span><div class=\"title-sep-container title-sep-container-right\"><div class=\"title-sep sep- sep-solid\" style=\"border-color:#3e3e3e;\"><\/div><\/div><\/div><div class=\"fusion-clearfix\"><\/div><\/div><\/div><div class=\"fusion-layout-column fusion_builder_column fusion-builder-column-2 fusion_builder_column_1_3 1_3 fusion-one-third fusion-column-last\" style=\"--awb-bg-size:cover;width:33.333333333333%;width:calc(33.333333333333% - ( ( 4% ) * 0.33333333333333 ) );\"><div class=\"fusion-column-wrapper fusion-column-has-shadow fusion-flex-column-wrapper-legacy\"><div class=\"fusion-image-element in-legacy-container\" style=\"--awb-caption-title-font-family:var(--h2_typography-font-family);--awb-caption-title-font-weight:var(--h2_typography-font-weight);--awb-caption-title-font-style:var(--h2_typography-font-style);--awb-caption-title-size:var(--h2_typography-font-size);--awb-caption-title-transform:var(--h2_typography-text-transform);--awb-caption-title-line-height:var(--h2_typography-line-height);--awb-caption-title-letter-spacing:var(--h2_typography-letter-spacing);\"><span class=\"fusion-imageframe imageframe-none imageframe-1 hover-type-none\"><img decoding=\"async\" width=\"2508\" height=\"1752\" alt=\"RM G-Scan en Dallas en MRI Centers of Texas\" title=\"G-Scan MRI en Dallas 4\" src=\"https:\/\/mricentersoftexas.com\/wp-content\/uploads\/2021\/03\/DJI_20210205_160319_505_pano-EDIT.jpg\" class=\"img-responsive wp-image-767\" srcset=\"https:\/\/mricentersoftexas.com\/wp-content\/uploads\/2021\/03\/DJI_20210205_160319_505_pano-EDIT-200x140.jpg 200w, https:\/\/mricentersoftexas.com\/wp-content\/uploads\/2021\/03\/DJI_20210205_160319_505_pano-EDIT-400x279.jpg 400w, https:\/\/mricentersoftexas.com\/wp-content\/uploads\/2021\/03\/DJI_20210205_160319_505_pano-EDIT-600x419.jpg 600w, https:\/\/mricentersoftexas.com\/wp-content\/uploads\/2021\/03\/DJI_20210205_160319_505_pano-EDIT-800x559.jpg 800w, https:\/\/mricentersoftexas.com\/wp-content\/uploads\/2021\/03\/DJI_20210205_160319_505_pano-EDIT-1200x838.jpg 1200w, https:\/\/mricentersoftexas.com\/wp-content\/uploads\/2021\/03\/DJI_20210205_160319_505_pano-EDIT.jpg 2508w\" sizes=\"(max-width: 800px) 100vw, 400px\" \/><\/span><\/div><div class=\"fusion-image-element in-legacy-container\" style=\"--awb-caption-title-font-family:var(--h2_typography-font-family);--awb-caption-title-font-weight:var(--h2_typography-font-weight);--awb-caption-title-font-style:var(--h2_typography-font-style);--awb-caption-title-size:var(--h2_typography-font-size);--awb-caption-title-transform:var(--h2_typography-text-transform);--awb-caption-title-line-height:var(--h2_typography-line-height);--awb-caption-title-letter-spacing:var(--h2_typography-letter-spacing);\"><span class=\"fusion-imageframe imageframe-none imageframe-2 hover-type-none\"><img decoding=\"async\" width=\"2560\" height=\"1920\" alt=\"RM G-Scan en Dallas en MRI Centers of Texas\" title=\"RM G-Scan en Dallas en MRI Centers of Texas\" src=\"https:\/\/mricentersoftexas.com\/wp-content\/uploads\/2021\/03\/DJI_20210205_160216_524-EDIT-scaled.jpg\" class=\"img-responsive wp-image-766\" srcset=\"https:\/\/mricentersoftexas.com\/wp-content\/uploads\/2021\/03\/DJI_20210205_160216_524-EDIT-200x150.jpg 200w, https:\/\/mricentersoftexas.com\/wp-content\/uploads\/2021\/03\/DJI_20210205_160216_524-EDIT-400x300.jpg 400w, https:\/\/mricentersoftexas.com\/wp-content\/uploads\/2021\/03\/DJI_20210205_160216_524-EDIT-600x450.jpg 600w, https:\/\/mricentersoftexas.com\/wp-content\/uploads\/2021\/03\/DJI_20210205_160216_524-EDIT-800x600.jpg 800w, https:\/\/mricentersoftexas.com\/wp-content\/uploads\/2021\/03\/DJI_20210205_160216_524-EDIT-1200x900.jpg 1200w, https:\/\/mricentersoftexas.com\/wp-content\/uploads\/2021\/03\/DJI_20210205_160216_524-EDIT-scaled.jpg 2560w\" sizes=\"(max-width: 800px) 100vw, 400px\" \/><\/span><\/div><div class=\"fusion-image-element in-legacy-container\" style=\"--awb-caption-title-font-family:var(--h2_typography-font-family);--awb-caption-title-font-weight:var(--h2_typography-font-weight);--awb-caption-title-font-style:var(--h2_typography-font-style);--awb-caption-title-size:var(--h2_typography-font-size);--awb-caption-title-transform:var(--h2_typography-text-transform);--awb-caption-title-line-height:var(--h2_typography-line-height);--awb-caption-title-letter-spacing:var(--h2_typography-letter-spacing);\"><span class=\"fusion-imageframe imageframe-none imageframe-3 hover-type-none\"><img decoding=\"async\" width=\"1920\" height=\"2560\" alt=\"RM G-Scan en Dallas en MRI Centers of Texas\" title=\"RM G-Scan en Dallas\" src=\"https:\/\/mricentersoftexas.com\/wp-content\/uploads\/2021\/03\/DJI_20210205_155546_441-EDIT-scaled.jpg\" class=\"img-responsive wp-image-763\" srcset=\"https:\/\/mricentersoftexas.com\/wp-content\/uploads\/2021\/03\/DJI_20210205_155546_441-EDIT-200x267.jpg 200w, https:\/\/mricentersoftexas.com\/wp-content\/uploads\/2021\/03\/DJI_20210205_155546_441-EDIT-400x533.jpg 400w, https:\/\/mricentersoftexas.com\/wp-content\/uploads\/2021\/03\/DJI_20210205_155546_441-EDIT-600x800.jpg 600w, https:\/\/mricentersoftexas.com\/wp-content\/uploads\/2021\/03\/DJI_20210205_155546_441-EDIT-800x1067.jpg 800w, https:\/\/mricentersoftexas.com\/wp-content\/uploads\/2021\/03\/DJI_20210205_155546_441-EDIT-1200x1600.jpg 1200w, https:\/\/mricentersoftexas.com\/wp-content\/uploads\/2021\/03\/DJI_20210205_155546_441-EDIT-scaled.jpg 1920w\" sizes=\"(max-width: 800px) 100vw, 400px\" \/><\/span><\/div><div class=\"fusion-clearfix\"><\/div><\/div><\/div><\/div><\/div>","protected":false},"excerpt":{"rendered":"","protected":false},"author":2,"featured_media":0,"parent":0,"menu_order":0,"comment_status":"closed","ping_status":"closed","template":"100-width.php","meta":{"_acf_changed":false,"footnotes":""},"class_list":["post-744","page","type-page","status-publish","hentry"],"acf":[],"_links":{"self":[{"href":"https:\/\/mricentersoftexas.com\/es\/wp-json\/wp\/v2\/pages\/744","targetHints":{"allow":["GET"]}}],"collection":[{"href":"https:\/\/mricentersoftexas.com\/es\/wp-json\/wp\/v2\/pages"}],"about":[{"href":"https:\/\/mricentersoftexas.com\/es\/wp-json\/wp\/v2\/types\/page"}],"author":[{"embeddable":true,"href":"https:\/\/mricentersoftexas.com\/es\/wp-json\/wp\/v2\/users\/2"}],"replies":[{"embeddable":true,"href":"https:\/\/mricentersoftexas.com\/es\/wp-json\/wp\/v2\/comments?post=744"}],"version-history":[{"count":14,"href":"https:\/\/mricentersoftexas.com\/es\/wp-json\/wp\/v2\/pages\/744\/revisions"}],"predecessor-version":[{"id":1296,"href":"https:\/\/mricentersoftexas.com\/es\/wp-json\/wp\/v2\/pages\/744\/revisions\/1296"}],"wp:attachment":[{"href":"https:\/\/mricentersoftexas.com\/es\/wp-json\/wp\/v2\/media?parent=744"}],"curies":[{"name":"wp","href":"https:\/\/api.w.org\/{rel}","templated":true}]}}