{"id":665,"date":"2019-06-21T05:36:40","date_gmt":"2019-06-21T05:36:40","guid":{"rendered":"https:\/\/mricentersoftexas.com\/?page_id=665"},"modified":"2024-03-05T18:52:28","modified_gmt":"2024-03-05T18:52:28","slug":"procedimientos-especializados","status":"publish","type":"page","link":"https:\/\/mricentersoftexas.com\/es\/specialty-procedures\/","title":{"rendered":"Procedimientos especializados"},"content":{"rendered":"<div class=\"fusion-fullwidth fullwidth-box fusion-builder-row-1 nonhundred-percent-fullwidth non-hundred-percent-height-scrolling\" style=\"--awb-border-radius-top-left:0px;--awb-border-radius-top-right:0px;--awb-border-radius-bottom-right:0px;--awb-border-radius-bottom-left:0px;--awb-background-color:#ffffff;--awb-flex-wrap:wrap;\" ><div class=\"fusion-builder-row fusion-row\"><div class=\"fusion-layout-column fusion_builder_column fusion-builder-column-0 fusion_builder_column_1_1 1_1 fusion-one-full fusion-column-first fusion-column-last\" style=\"--awb-bg-size:cover;\"><div class=\"fusion-column-wrapper fusion-column-has-shadow fusion-flex-column-wrapper-legacy\"><div class=\"fusion-title title fusion-title-1 fusion-title-text fusion-title-size-one\" style=\"--awb-text-color:#000000;\"><h1 class=\"fusion-title-heading title-heading-left fusion-responsive-typography-calculated\" style=\"margin:0;--fontSize:40;line-height:1.4;\"><p style=\"text-align: center;\">Procedimientos especializados<\/p><\/h1><span class=\"awb-title-spacer\"><\/span><div class=\"title-sep-container\"><div class=\"title-sep sep- sep-solid\" style=\"border-color:#3e3e3e;\"><\/div><\/div><\/div><div class=\"fusion-text fusion-text-1\"><p>Ofrecemos una variedad de Procedimientos de Especialidad como Mielograf\u00eda, Discograf\u00eda y Artrograf\u00eda; son procedimientos diagn\u00f3sticos importantes que generalmente son ordenados por un Neurocirujano o Cirujano Ortop\u00e9dico antes de la cirug\u00eda o a veces incluso despu\u00e9s de la cirug\u00eda.<br \/>\nNuestras instalaciones est\u00e1n totalmente equipadas con salas de fluoroscopia, sedaci\u00f3n y equipos de monitorizaci\u00f3n con el fin de proporcionar a nuestros pacientes la practicidad de recibir sus procedimientos de forma c\u00f3moda, eficiente y segura.<\/p>\n<h5><b>Mielograf\u00eda (Myelogram)<\/b><\/h5>\n<p>La mielograf\u00eda es un examen por imagen que consiste en la introducci\u00f3n de una aguja espinal en el canal medular y la inyecci\u00f3n de material de contraste en el espacio que rodea la m\u00e9dula espinal y las ra\u00edces nerviosas (el espacio subaracnoideo) mediante una forma de radiograf\u00eda en tiempo real denominada fluoroscopia.<\/p>\n<ul>\n<li>Debe informar al m\u00e9dico de cualquier medicaci\u00f3n que est\u00e9 tomando y si tiene alguna alergia, especialmente al bario o a los materiales de contraste yodados.<\/li>\n<li>Las mujeres deben informar siempre a su m\u00e9dico y al t\u00e9cnico de rayos X si existe alguna posibilidad de que est\u00e9n embarazadas. Muchas pruebas de diagn\u00f3stico por imagen no se realizan durante el embarazo para no exponer al feto a la radiaci\u00f3n.<\/li>\n<li>El m\u00e9dico necesitar\u00e1 saber si (1) est\u00e1 tomando medicamentos que deben suspenderse unos d\u00edas antes del procedimiento, entre los que se incluyen ciertos medicamentos antipsic\u00f3ticos, antidepresivos, anticoagulantes y algunos otros f\u00e1rmacos y (2) si tiene antecedentes de reacci\u00f3n al medio de contraste utilizado para el mielograma.<\/li>\n<li>Es posible que se le pida que se quite parte o toda la ropa y que se ponga una bata durante el examen. Tambi\u00e9n se le puede pedir que se quite las joyas, los aparatos dentales extra\u00edbles, las gafas y cualquier objeto met\u00e1lico o prenda que pueda interferir con las im\u00e1genes radiogr\u00e1ficas.<\/li>\n<li>Al finalizar la mielograf\u00eda, el paciente suele permanecer en un \u00e1rea de observaci\u00f3n durante un m\u00e1ximo de dos horas y se le da el alta. Debe prever que un familiar o amigo le lleve a casa despu\u00e9s de la intervenci\u00f3n.<\/li>\n<\/ul>\n<h5><b>Artrograf\u00eda (artrograma)<\/b><\/h5>\n<p>La artrograf\u00eda es el diagn\u00f3stico m\u00e9dico por imagen para evaluar el estado de las articulaciones. Existen varios m\u00e9todos para hacerlo. La artrograf\u00eda convencional es el examen radiogr\u00e1fico de una articulaci\u00f3n que utiliza una forma especial de rayos X denominada fluoroscopia y una inyecci\u00f3n de material de contraste que contiene yodo directamente en la articulaci\u00f3n. Los m\u00e9todos alternativos de examen artrogr\u00e1fico utilizan la resonancia magn\u00e9tica (RM) o la tomograf\u00eda computarizada (TC).<\/p>\n<ul>\n<li>No es necesaria ninguna preparaci\u00f3n especial antes de la artrograf\u00eda.<\/li>\n<li>Debe informar al m\u00e9dico de cualquier medicaci\u00f3n que est\u00e9 tomando y de si tiene alg\u00fan problema renal o alergia, especialmente a los materiales de contraste yodados o a base de gadolinio. Asimismo, informe al m\u00e9dico sobre enfermedades recientes u otras afecciones m\u00e9dicas.<\/li>\n<li>Algunos ex\u00e1menes de RM pueden requerir que el paciente reciba una inyecci\u00f3n de contraste en el torrente sangu\u00edneo. El radi\u00f3logo o el tecn\u00f3logo pueden preguntarle si padece asma o alergias de cualquier tipo, como alergia al yodo o al material de contraste para rayos X, a medicamentos, alimentos o agentes ambientales. Sin embargo, el material de contraste utilizado para un examen de RMN, llamado gadolinio, no contiene yodo y es menos probable que cause efectos secundarios o una reacci\u00f3n al\u00e9rgica.<\/li>\n<li>Debe informar al tecn\u00f3logo si tiene alg\u00fan implante met\u00e1lico o dispositivo m\u00e9dico o electr\u00f3nico en el cuerpo, ya que pueden interferir en el examen o suponer un riesgo potencial, dependiendo de su naturaleza y de la potencia del im\u00e1n de la RM.<\/li>\n<li>Las mujeres deben informar siempre a su m\u00e9dico y al t\u00e9cnico de rayos X si existe alguna posibilidad de que est\u00e9n embarazadas. Muchas pruebas de diagn\u00f3stico por imagen no se realizan durante el embarazo para no exponer al feto a la radiaci\u00f3n.<\/li>\n<li>Es posible que se le pida que se quite parte o toda la ropa y que se ponga una bata durante el examen. Tambi\u00e9n es posible que se le pida que se quite las joyas, los aparatos dentales extra\u00edbles, las gafas y cualquier objeto met\u00e1lico o prenda que pueda interferir con las im\u00e1genes de RM o TC.<\/li>\n<li>Es conveniente que un familiar o amigo le lleve a casa despu\u00e9s de la intervenci\u00f3n.<\/li>\n<\/ul>\n<p>Una vez finalizado el procedimiento, el ordenador genera im\u00e1genes visuales de la zona del cuerpo que se ha escaneado. Estas im\u00e1genes pueden transferirse a una pel\u00edcula (copia impresa) o grabarse en un CD. Un radi\u00f3logo es un m\u00e9dico especialmente formado para interpretar im\u00e1genes del cuerpo. La interpretaci\u00f3n se transmite en forma de informe al m\u00e9dico que solicit\u00f3 el procedimiento. A continuaci\u00f3n, el m\u00e9dico puede comentar los resultados con el paciente y\/o su familia.<\/p>\n<\/div><div class=\"fusion-clearfix\"><\/div><\/div><\/div><\/div><\/div>","protected":false},"excerpt":{"rendered":"","protected":false},"author":2,"featured_media":0,"parent":0,"menu_order":0,"comment_status":"closed","ping_status":"closed","template":"100-width.php","meta":{"_acf_changed":false,"footnotes":""},"class_list":["post-665","page","type-page","status-publish","hentry"],"acf":[],"_links":{"self":[{"href":"https:\/\/mricentersoftexas.com\/es\/wp-json\/wp\/v2\/pages\/665","targetHints":{"allow":["GET"]}}],"collection":[{"href":"https:\/\/mricentersoftexas.com\/es\/wp-json\/wp\/v2\/pages"}],"about":[{"href":"https:\/\/mricentersoftexas.com\/es\/wp-json\/wp\/v2\/types\/page"}],"author":[{"embeddable":true,"href":"https:\/\/mricentersoftexas.com\/es\/wp-json\/wp\/v2\/users\/2"}],"replies":[{"embeddable":true,"href":"https:\/\/mricentersoftexas.com\/es\/wp-json\/wp\/v2\/comments?post=665"}],"version-history":[{"count":5,"href":"https:\/\/mricentersoftexas.com\/es\/wp-json\/wp\/v2\/pages\/665\/revisions"}],"predecessor-version":[{"id":1713,"href":"https:\/\/mricentersoftexas.com\/es\/wp-json\/wp\/v2\/pages\/665\/revisions\/1713"}],"wp:attachment":[{"href":"https:\/\/mricentersoftexas.com\/es\/wp-json\/wp\/v2\/media?parent=665"}],"curies":[{"name":"wp","href":"https:\/\/api.w.org\/{rel}","templated":true}]}}