{"id":661,"date":"2019-06-21T05:32:47","date_gmt":"2019-06-21T05:32:47","guid":{"rendered":"https:\/\/mricentersoftexas.com\/?page_id=661"},"modified":"2022-03-17T17:57:09","modified_gmt":"2022-03-17T17:57:09","slug":"rayos-x","status":"publish","type":"page","link":"https:\/\/mricentersoftexas.com\/es\/x-rays\/","title":{"rendered":"Radiograf\u00edas"},"content":{"rendered":"<div class=\"fusion-fullwidth fullwidth-box fusion-builder-row-1 nonhundred-percent-fullwidth non-hundred-percent-height-scrolling\" style=\"--awb-border-radius-top-left:0px;--awb-border-radius-top-right:0px;--awb-border-radius-bottom-right:0px;--awb-border-radius-bottom-left:0px;--awb-background-color:#ffffff;--awb-flex-wrap:wrap;\" ><div class=\"fusion-builder-row fusion-row\"><div class=\"fusion-layout-column fusion_builder_column fusion-builder-column-0 fusion_builder_column_1_1 1_1 fusion-one-full fusion-column-first fusion-column-last\" style=\"--awb-bg-size:cover;\"><div class=\"fusion-column-wrapper fusion-column-has-shadow fusion-flex-column-wrapper-legacy\"><div class=\"fusion-title title fusion-title-1 fusion-title-text fusion-title-size-one\"><h1 class=\"fusion-title-heading title-heading-left fusion-responsive-typography-calculated\" style=\"margin:0;--fontSize:40;line-height:1.4;\"><p style=\"text-align: center;\">Rayos X<\/p><\/h1><span class=\"awb-title-spacer\"><\/span><div class=\"title-sep-container\"><div class=\"title-sep sep- sep-solid\" style=\"border-color:#3e3e3e;\"><\/div><\/div><\/div><div class=\"fusion-text fusion-text-1\"><p>Una radiograf\u00eda es una prueba m\u00e9dica indolora que ayuda a los m\u00e9dicos a diagnosticar y tratar enfermedades. La radiograf\u00eda consiste en exponer una parte del cuerpo a una peque\u00f1a dosis de radiaci\u00f3n ionizante para obtener im\u00e1genes del interior del cuerpo. Los rayos X son la forma m\u00e1s antigua y frecuente de diagn\u00f3stico por imagen.<\/p>\n<h5><b>\u00bfC\u00f3mo se prepara un paciente para una radiograf\u00eda y c\u00f3mo se realiza?<\/b><\/h5>\n<p>Debe llevar ropa c\u00f3moda y holgada para el examen. Es posible que le den una bata para que se la ponga durante el procedimiento. Los objetos met\u00e1licos, como joyas, gafas, pr\u00f3tesis dentales y horquillas para el pelo, pueden afectar a las im\u00e1genes radiogr\u00e1ficas, por lo que debe dejarlos en casa o quit\u00e1rselos antes del examen. Tambi\u00e9n se le puede pedir que se quite los aud\u00edfonos y las pr\u00f3tesis dentales extra\u00edbles. A las mujeres se les pedir\u00e1 que se quiten los sujetadores con aros met\u00e1licos. Si es posible, se le pedir\u00e1 que se quite los piercings. Tambi\u00e9n debe informar al t\u00e9cnico si est\u00e1 embarazada o si existe la posibilidad de que lo est\u00e9.<\/p>\n<p>La m\u00e1quina produce una peque\u00f1a r\u00e1faga de radiaci\u00f3n, a un nivel seguro, que atraviesa su cuerpo y registra una imagen en una placa especializada. No se siente el paso de los rayos X.<br \/>\nUn t\u00e9cnico coloca su cuerpo para obtener las im\u00e1genes necesarias. Puede utilizar almohadas o sacos de arena para ayudarle a mantener la posici\u00f3n correcta. Durante la exposici\u00f3n a los rayos X, permanezca quieto y contenga la respiraci\u00f3n para evitar moverse, lo que puede hacer que la imagen aparezca borrosa.<\/p>\n<p>Un procedimiento radiogr\u00e1fico puede durar s\u00f3lo unos minutos si se trata de una radiograf\u00eda \u00f3sea, o m\u00e1s de una hora si se trata de procedimientos m\u00e1s complejos, como los que utilizan un medio de contraste.<\/p>\n<h5><b>\u00bfC\u00f3mo obtiene el paciente los resultados de la radiograf\u00eda?<\/b><\/h5>\n<p>Una vez finalizada la radiograf\u00eda, el ordenador genera im\u00e1genes visuales de la zona del cuerpo que se ha explorado. Estas im\u00e1genes pueden transferirse a una pel\u00edcula (copia impresa) o grabarse en un CD. Un radi\u00f3logo es un m\u00e9dico especialmente formado para interpretar im\u00e1genes del cuerpo. La interpretaci\u00f3n se transmite en forma de informe al m\u00e9dico que solicit\u00f3 la radiograf\u00eda. A continuaci\u00f3n, el m\u00e9dico puede comentar los resultados con el paciente y\/o su familia.<\/p>\n<\/div><div class=\"fusion-clearfix\"><\/div><\/div><\/div><\/div><\/div>","protected":false},"excerpt":{"rendered":"","protected":false},"author":2,"featured_media":0,"parent":0,"menu_order":0,"comment_status":"closed","ping_status":"closed","template":"100-width.php","meta":{"_acf_changed":false,"footnotes":""},"class_list":["post-661","page","type-page","status-publish","hentry"],"acf":[],"_links":{"self":[{"href":"https:\/\/mricentersoftexas.com\/es\/wp-json\/wp\/v2\/pages\/661","targetHints":{"allow":["GET"]}}],"collection":[{"href":"https:\/\/mricentersoftexas.com\/es\/wp-json\/wp\/v2\/pages"}],"about":[{"href":"https:\/\/mricentersoftexas.com\/es\/wp-json\/wp\/v2\/types\/page"}],"author":[{"embeddable":true,"href":"https:\/\/mricentersoftexas.com\/es\/wp-json\/wp\/v2\/users\/2"}],"replies":[{"embeddable":true,"href":"https:\/\/mricentersoftexas.com\/es\/wp-json\/wp\/v2\/comments?post=661"}],"version-history":[{"count":5,"href":"https:\/\/mricentersoftexas.com\/es\/wp-json\/wp\/v2\/pages\/661\/revisions"}],"predecessor-version":[{"id":1282,"href":"https:\/\/mricentersoftexas.com\/es\/wp-json\/wp\/v2\/pages\/661\/revisions\/1282"}],"wp:attachment":[{"href":"https:\/\/mricentersoftexas.com\/es\/wp-json\/wp\/v2\/media?parent=661"}],"curies":[{"name":"wp","href":"https:\/\/api.w.org\/{rel}","templated":true}]}}