{"id":658,"date":"2019-06-21T05:28:26","date_gmt":"2019-06-21T05:28:26","guid":{"rendered":"https:\/\/mricentersoftexas.com\/?page_id=658"},"modified":"2024-03-05T18:28:11","modified_gmt":"2024-03-05T18:28:11","slug":"que-es-la-tomografia-computarizada","status":"publish","type":"page","link":"https:\/\/mricentersoftexas.com\/es\/what-is-ct-scan\/","title":{"rendered":"\u00bfQu\u00e9 es un TAC?"},"content":{"rendered":"<div class=\"fusion-fullwidth fullwidth-box fusion-builder-row-1 nonhundred-percent-fullwidth non-hundred-percent-height-scrolling\" style=\"--awb-border-radius-top-left:0px;--awb-border-radius-top-right:0px;--awb-border-radius-bottom-right:0px;--awb-border-radius-bottom-left:0px;--awb-background-color:#ffffff;--awb-flex-wrap:wrap;\" ><div class=\"fusion-builder-row fusion-row\"><div class=\"fusion-layout-column fusion_builder_column fusion-builder-column-0 fusion_builder_column_1_1 1_1 fusion-one-full fusion-column-first fusion-column-last\" style=\"--awb-bg-size:cover;\"><div class=\"fusion-column-wrapper fusion-column-has-shadow fusion-flex-column-wrapper-legacy\"><div class=\"fusion-title title fusion-title-1 fusion-title-text fusion-title-size-one\" style=\"--awb-text-color:#000000;--awb-sep-color:#ffffff;\"><h1 class=\"fusion-title-heading title-heading-left fusion-responsive-typography-calculated\" style=\"margin:0;--fontSize:40;line-height:1.4;\">CT<\/h1><span class=\"awb-title-spacer\"><\/span><div class=\"title-sep-container\"><div class=\"title-sep sep- sep-solid\" style=\"border-color:#ffffff;\"><\/div><\/div><\/div><div class=\"fusion-text fusion-text-1\"><p>La TC (tomograf\u00eda computarizada), a veces denominada TAC, utiliza un equipo especial de rayos X para obtener datos de im\u00e1genes desde distintos \u00e1ngulos alrededor del cuerpo y, a continuaci\u00f3n, utiliza el procesamiento inform\u00e1tico de la informaci\u00f3n para mostrar un corte transversal de los tejidos y \u00f3rganos corporales. Un TAC puede utilizarse para estudiar todas las partes del cuerpo, como el t\u00f3rax, el abdomen, la pelvis o un brazo o una pierna. Puede tomar im\u00e1genes de \u00f3rganos corporales como el h\u00edgado, el p\u00e1ncreas, los intestinos, los ri\u00f1ones, la vejiga, las gl\u00e1ndulas suprarrenales, los pulmones y el coraz\u00f3n. Tambi\u00e9n puede estudiar los vasos sangu\u00edneos, los huesos y la m\u00e9dula espinal.<\/p>\n<p>El TAC utiliza rayos X para obtener im\u00e1genes detalladas de las estructuras internas del cuerpo. Durante la prueba, usted se tumbar\u00e1 en una camilla acoplada al esc\u00e1ner de TC, que es una m\u00e1quina grande con forma de donut. El esc\u00e1ner env\u00eda rayos X a trav\u00e9s de la zona del cuerpo que se va a estudiar. Cada rotaci\u00f3n del esc\u00e1ner proporciona una imagen de una fina porci\u00f3n del \u00f3rgano o zona.<\/p>\n<p>En algunos casos, se puede utilizar un tinte llamado material de contraste. Si su m\u00e9dico recomienda con contraste entonces el tinte ser\u00eda por v\u00eda intravenosa con una v\u00eda en el brazo, para poder ver mejor esas zonas. En algunos tipos de TC se bebe el tinte. El colorante hace que las estructuras y los \u00f3rganos sean m\u00e1s f\u00e1ciles de ver en las im\u00e1genes de TC.<\/p>\n<h5><b>\u00bfC\u00f3mo se prepara un paciente para un TAC y c\u00f3mo se realiza?<\/b><\/h5>\n<p>Debe llevar ropa c\u00f3moda y holgada para el examen. Es posible que se le proporcione una bata durante el procedimiento. Los objetos met\u00e1licos, como joyas, gafas, dentaduras postizas y horquillas para el pelo, pueden afectar a las im\u00e1genes de TC, por lo que debe dejarlos en casa o quit\u00e1rselos antes de la exploraci\u00f3n. Tambi\u00e9n se le puede pedir que se quite los aud\u00edfonos y los trabajos dentales extra\u00edbles. A las mujeres se les pedir\u00e1 que se quiten los sujetadores con aros met\u00e1licos. Si es posible, se le pedir\u00e1 que se quite los piercings.<\/p>\n<p>Debe informar al t\u00e9cnico si lleva un marcapasos. Los marcapasos no dificultan el uso del TAC como en la RM, siempre que el esc\u00e1ner no tome im\u00e1genes repetidamente sobre la zona del dispositivo del marcapasos en la parte superior del t\u00f3rax. Esto no suele ser un problema en los ex\u00e1menes de TC card\u00edaca.<\/p>\n<p>Es posible que le pidan que no coma ni beba nada durante unas horas antes, especialmente si se va a utilizar un medio de contraste en su examen. Debe informar a su m\u00e9dico de todos los medicamentos que est\u00e9 tomando y de si padece alguna alergia. Si tiene una alergia conocida al material de contraste, o \"tinte\", su m\u00e9dico puede recetarle medicamentos (normalmente un esteroide) para reducir el riesgo de una reacci\u00f3n al\u00e9rgica. Por lo general, estos medicamentos deben tomarse 12 horas antes de la administraci\u00f3n del medio de contraste. Para evitar retrasos innecesarios, p\u00f3ngase en contacto con su m\u00e9dico antes de la hora exacta de su examen. Informe tambi\u00e9n a su m\u00e9dico de cualquier enfermedad reciente u otras afecciones m\u00e9dicas y de si tiene antecedentes de cardiopat\u00edas, asma, diabetes y enfermedades renales o problemas de tiroides. Cualquiera de estas condiciones puede aumentar el riesgo de un efecto adverso inusual. Las mujeres siempre deben informar a su m\u00e9dico y al tecn\u00f3logo de TC si existe alguna posibilidad de que puedan estar embarazadas.<\/p>\n<p>Durante la prueba, se tumbar\u00e1 en una camilla acoplada al esc\u00e1ner de TC. La camilla se desliza dentro de la abertura redonda del esc\u00e1ner y \u00e9ste se mueve alrededor de su cuerpo. La camilla se mover\u00e1 mientras el esc\u00e1ner toma im\u00e1genes. Es posible que oiga un clic o un zumbido cuando la camilla y el esc\u00e1ner se mueven. Es muy importante que permanezca quieto durante la prueba. Durante la prueba, es posible que est\u00e9 solo en la sala de exploraci\u00f3n. Pero el t\u00e9cnico le observar\u00e1 a trav\u00e9s de una ventana. Podr\u00e1 hablar con el t\u00e9cnico a trav\u00e9s de un intercomunicador bidireccional.<\/p>\n<p>La prueba dura entre 30 y 60 minutos. La mayor parte de este tiempo se dedica a prepararse para la exploraci\u00f3n. La exploraci\u00f3n en s\u00ed s\u00f3lo dura unos segundos. La TC la realiza un t\u00e9cnico radi\u00f3logo y, una vez finalizada, el ordenador genera im\u00e1genes visuales de la zona del cuerpo explorada.<\/p>\n<h5><b>\u00bfC\u00f3mo obtiene el paciente los resultados del TAC?<\/b><\/h5>\n<p>Una vez finalizada la exploraci\u00f3n por TC, el ordenador genera im\u00e1genes visuales de la zona del cuerpo explorada. Estas im\u00e1genes pueden transferirse a una pel\u00edcula (copia impresa) o grabarse en un CD. Un radi\u00f3logo es un m\u00e9dico especialmente formado para interpretar las im\u00e1genes del cuerpo. La interpretaci\u00f3n se transmite en forma de informe al m\u00e9dico que solicit\u00f3 el TAC. A continuaci\u00f3n, el m\u00e9dico puede comentar los resultados con el paciente y\/o su familia.<\/p>\n<\/div><div class=\"fusion-clearfix\"><\/div><\/div><\/div><\/div><\/div>","protected":false},"excerpt":{"rendered":"","protected":false},"author":2,"featured_media":0,"parent":0,"menu_order":0,"comment_status":"closed","ping_status":"closed","template":"100-width.php","meta":{"_acf_changed":false,"footnotes":""},"class_list":["post-658","page","type-page","status-publish","hentry"],"acf":[],"_links":{"self":[{"href":"https:\/\/mricentersoftexas.com\/es\/wp-json\/wp\/v2\/pages\/658","targetHints":{"allow":["GET"]}}],"collection":[{"href":"https:\/\/mricentersoftexas.com\/es\/wp-json\/wp\/v2\/pages"}],"about":[{"href":"https:\/\/mricentersoftexas.com\/es\/wp-json\/wp\/v2\/types\/page"}],"author":[{"embeddable":true,"href":"https:\/\/mricentersoftexas.com\/es\/wp-json\/wp\/v2\/users\/2"}],"replies":[{"embeddable":true,"href":"https:\/\/mricentersoftexas.com\/es\/wp-json\/wp\/v2\/comments?post=658"}],"version-history":[{"count":11,"href":"https:\/\/mricentersoftexas.com\/es\/wp-json\/wp\/v2\/pages\/658\/revisions"}],"predecessor-version":[{"id":1710,"href":"https:\/\/mricentersoftexas.com\/es\/wp-json\/wp\/v2\/pages\/658\/revisions\/1710"}],"wp:attachment":[{"href":"https:\/\/mricentersoftexas.com\/es\/wp-json\/wp\/v2\/media?parent=658"}],"curies":[{"name":"wp","href":"https:\/\/api.w.org\/{rel}","templated":true}]}}