{"id":655,"date":"2019-06-21T05:25:45","date_gmt":"2019-06-21T05:25:45","guid":{"rendered":"https:\/\/mricentersoftexas.com\/?page_id=655"},"modified":"2022-03-17T17:25:44","modified_gmt":"2022-03-17T17:25:44","slug":"que-es-la-resonancia-magnetica","status":"publish","type":"page","link":"https:\/\/mricentersoftexas.com\/es\/what-is-mri\/","title":{"rendered":"\u00bfQu\u00e9 es una resonancia magn\u00e9tica?"},"content":{"rendered":"<div class=\"fusion-fullwidth fullwidth-box fusion-builder-row-1 nonhundred-percent-fullwidth non-hundred-percent-height-scrolling\" style=\"--awb-border-radius-top-left:0px;--awb-border-radius-top-right:0px;--awb-border-radius-bottom-right:0px;--awb-border-radius-bottom-left:0px;--awb-background-color:#ffffff;--awb-flex-wrap:wrap;\" ><div class=\"fusion-builder-row fusion-row\"><div class=\"fusion-layout-column fusion_builder_column fusion-builder-column-0 fusion_builder_column_1_1 1_1 fusion-one-full fusion-column-first fusion-column-last\" style=\"--awb-bg-size:cover;\"><div class=\"fusion-column-wrapper fusion-column-has-shadow fusion-flex-column-wrapper-legacy\"><div class=\"fusion-title title fusion-title-1 fusion-title-text fusion-title-size-one\"><h1 class=\"fusion-title-heading title-heading-left fusion-responsive-typography-calculated\" style=\"margin:0;--fontSize:40;line-height:1.4;\">\u00bfQu\u00e9 es una resonancia magn\u00e9tica?<\/h1><span class=\"awb-title-spacer\"><\/span><div class=\"title-sep-container\"><div class=\"title-sep sep- sep-solid\" style=\"border-color:#3e3e3e;\"><\/div><\/div><\/div><div class=\"fusion-text fusion-text-1\"><p>La resonancia magn\u00e9tica (RM) es un m\u00e9todo no invasivo de visualizar \u00f3rganos, tejidos blandos, huesos y pr\u00e1cticamente todas las dem\u00e1s estructuras internas del cuerpo. La IRM utiliza ondas de radio que pasan a trav\u00e9s de un potente campo magn\u00e9tico para producir im\u00e1genes claras y detalladas del t\u00f3rax, proporcionando informaci\u00f3n sobre el coraz\u00f3n y los pulmones que no puede obtenerse de otro modo con una radiograf\u00eda, una ecograf\u00eda o una tomograf\u00eda computarizada (TC).<\/p>\n<h5><strong>\u00bfCu\u00e1l es la diferencia entre una RMN abierta y una RMN cerrada de 1,5 T?<\/strong><\/h5>\n<p>La resonancia magn\u00e9tica abierta utiliza la misma tecnolog\u00eda que una resonancia magn\u00e9tica tradicional, pero tiene una gran abertura no practicable. La resonancia magn\u00e9tica (RM) es una forma no invasiva de visualizar \u00f3rganos, tejidos blandos, huesos y pr\u00e1cticamente todas las dem\u00e1s estructuras internas del cuerpo. La IRM utiliza ondas de radio que pasan a trav\u00e9s de un potente campo magn\u00e9tico para producir im\u00e1genes claras y detalladas del t\u00f3rax, proporcionando informaci\u00f3n sobre el coraz\u00f3n y los pulmones que no puede obtenerse de otro modo con una radiograf\u00eda, una ecograf\u00eda o una tomograf\u00eda computarizada (TC).<\/p>\n<h5><b>\u00bfC\u00f3mo se prepara un paciente para una resonancia magn\u00e9tica y c\u00f3mo se realiza?<\/b><\/h5>\n<p>Todos los objetos met\u00e1licos del cuerpo se retiran antes de obtener una resonancia magn\u00e9tica. La resonancia magn\u00e9tica requiere que el paciente permanezca completamente inm\u00f3vil para obtener la m\u00e1xima precisi\u00f3n. Los pacientes permanecen en un entorno cerrado dentro de la m\u00e1quina magn\u00e9tica. La relajaci\u00f3n es importante durante el procedimiento y se pide a los pacientes que respiren con normalidad. La interacci\u00f3n con el t\u00e9cnico de RMN se mantiene durante toda la prueba. Durante la prueba se producen chasquidos fuertes y repetitivos a medida que avanza la exploraci\u00f3n. En ocasiones, los pacientes necesitan inyecciones de l\u00edquido (colorante de contraste) por v\u00eda intravenosa para mejorar las im\u00e1genes obtenidas. La duraci\u00f3n de la RM depende de la zona exacta del cuerpo estudiada, pero oscila entre 30 minutos y una hora.<\/p>\n<h5><b>\u00bfC\u00f3mo obtiene el paciente los resultados de la resonancia magn\u00e9tica?<\/b><\/h5>\n<p>Una vez finalizada la resonancia magn\u00e9tica, el ordenador genera im\u00e1genes visuales de la zona del cuerpo explorada. Estas im\u00e1genes pueden transferirse a una pel\u00edcula (copia impresa) o grabarse en un CD. Un radi\u00f3logo es un m\u00e9dico especialmente formado para interpretar im\u00e1genes del cuerpo. La interpretaci\u00f3n se transmite en forma de informe al m\u00e9dico que solicit\u00f3 la RM. A continuaci\u00f3n, el m\u00e9dico puede comentar los resultados con el paciente y\/o su familia.<\/p>\n<\/div><div class=\"fusion-clearfix\"><\/div><\/div><\/div><\/div><\/div>","protected":false},"excerpt":{"rendered":"","protected":false},"author":2,"featured_media":0,"parent":0,"menu_order":0,"comment_status":"closed","ping_status":"closed","template":"100-width.php","meta":{"_acf_changed":false,"footnotes":""},"class_list":["post-655","page","type-page","status-publish","hentry"],"acf":[],"_links":{"self":[{"href":"https:\/\/mricentersoftexas.com\/es\/wp-json\/wp\/v2\/pages\/655","targetHints":{"allow":["GET"]}}],"collection":[{"href":"https:\/\/mricentersoftexas.com\/es\/wp-json\/wp\/v2\/pages"}],"about":[{"href":"https:\/\/mricentersoftexas.com\/es\/wp-json\/wp\/v2\/types\/page"}],"author":[{"embeddable":true,"href":"https:\/\/mricentersoftexas.com\/es\/wp-json\/wp\/v2\/users\/2"}],"replies":[{"embeddable":true,"href":"https:\/\/mricentersoftexas.com\/es\/wp-json\/wp\/v2\/comments?post=655"}],"version-history":[{"count":5,"href":"https:\/\/mricentersoftexas.com\/es\/wp-json\/wp\/v2\/pages\/655\/revisions"}],"predecessor-version":[{"id":1271,"href":"https:\/\/mricentersoftexas.com\/es\/wp-json\/wp\/v2\/pages\/655\/revisions\/1271"}],"wp:attachment":[{"href":"https:\/\/mricentersoftexas.com\/es\/wp-json\/wp\/v2\/media?parent=655"}],"curies":[{"name":"wp","href":"https:\/\/api.w.org\/{rel}","templated":true}]}}