{"id":650,"date":"2019-06-21T05:17:49","date_gmt":"2019-06-21T05:17:49","guid":{"rendered":"https:\/\/mricentersoftexas.com\/?page_id=650"},"modified":"2022-03-17T18:01:58","modified_gmt":"2022-03-17T18:01:58","slug":"que-es-la-resonancia-magnetica-abierta","status":"publish","type":"page","link":"https:\/\/mricentersoftexas.com\/es\/what-is-open-mri\/","title":{"rendered":"\u00bfQu\u00e9 es la IRM abierta?"},"content":{"rendered":"<div class=\"fusion-fullwidth fullwidth-box fusion-builder-row-1 nonhundred-percent-fullwidth non-hundred-percent-height-scrolling\" style=\"--awb-border-radius-top-left:0px;--awb-border-radius-top-right:0px;--awb-border-radius-bottom-right:0px;--awb-border-radius-bottom-left:0px;--awb-background-color:#ffffff;--awb-flex-wrap:wrap;\" ><div class=\"fusion-builder-row fusion-row\"><div class=\"fusion-layout-column fusion_builder_column fusion-builder-column-0 fusion_builder_column_1_1 1_1 fusion-one-full fusion-column-first fusion-column-last\" style=\"--awb-bg-size:cover;\"><div class=\"fusion-column-wrapper fusion-column-has-shadow fusion-flex-column-wrapper-legacy\"><div class=\"fusion-title title fusion-title-1 fusion-title-text fusion-title-size-one\"><h1 class=\"fusion-title-heading title-heading-left fusion-responsive-typography-calculated\" style=\"margin:0;--fontSize:40;line-height:1.4;\">\u00bfQu\u00e9 es la IRM abierta?<\/h1><span class=\"awb-title-spacer\"><\/span><div class=\"title-sep-container\"><div class=\"title-sep sep- sep-solid\" style=\"border-color:#3e3e3e;\"><\/div><\/div><\/div><div class=\"fusion-clearfix\"><\/div><\/div><\/div><div class=\"fusion-layout-column fusion_builder_column fusion-builder-column-1 fusion_builder_column_2_3 2_3 fusion-two-third fusion-column-first\" style=\"--awb-bg-size:cover;width:66.666666666667%;width:calc(66.666666666667% - ( ( 4% ) * 0.66666666666667 ) );margin-right: 4%;\"><div class=\"fusion-column-wrapper fusion-column-has-shadow fusion-flex-column-wrapper-legacy\"><div class=\"fusion-text fusion-text-1\"><p>La resonancia magn\u00e9tica abierta utiliza la misma tecnolog\u00eda que una resonancia magn\u00e9tica tradicional, pero tiene una gran abertura no practicable. La resonancia magn\u00e9tica (RM) es una forma no invasiva de visualizar \u00f3rganos, tejidos blandos, huesos y pr\u00e1cticamente todas las dem\u00e1s estructuras internas del cuerpo. La IRM utiliza ondas de radio que pasan a trav\u00e9s de un potente campo magn\u00e9tico para producir im\u00e1genes claras y detalladas del t\u00f3rax, proporcionando informaci\u00f3n sobre el coraz\u00f3n y los pulmones que no puede obtenerse de otro modo con una radiograf\u00eda, una ecograf\u00eda o una tomograf\u00eda computarizada (TC).<\/p>\n<h5><strong>\u00bfCu\u00e1l es la diferencia entre una RMN abierta y una RMN cerrada 1,5T?<\/strong><\/h5>\n<p>La resonancia magn\u00e9tica abierta utiliza la misma tecnolog\u00eda que una resonancia magn\u00e9tica tradicional, pero tiene una gran abertura no practicable. La resonancia magn\u00e9tica (RM) es una forma no invasiva de visualizar \u00f3rganos, tejidos blandos, huesos y pr\u00e1cticamente todas las dem\u00e1s estructuras internas del cuerpo. La IRM utiliza ondas de radio que pasan a trav\u00e9s de un potente campo magn\u00e9tico para producir im\u00e1genes claras y detalladas del t\u00f3rax, proporcionando informaci\u00f3n sobre el coraz\u00f3n y los pulmones que no puede obtenerse de otro modo con una radiograf\u00eda, una ecograf\u00eda o una tomograf\u00eda computarizada (TC).<\/p>\n<h5><strong>\u00bfC\u00f3mo se prepara un paciente para una resonancia magn\u00e9tica y c\u00f3mo se realiza?<\/strong><\/h5>\n<p>Todos los objetos met\u00e1licos del cuerpo se retiran antes de obtener una resonancia magn\u00e9tica. La resonancia magn\u00e9tica requiere que el paciente permanezca completamente inm\u00f3vil para obtener la m\u00e1xima precisi\u00f3n. Los pacientes permanecen en un entorno cerrado dentro de la m\u00e1quina magn\u00e9tica. La relajaci\u00f3n es importante durante el procedimiento y se pide a los pacientes que respiren con normalidad. La interacci\u00f3n con el t\u00e9cnico de RMN se mantiene durante toda la prueba. Durante la prueba se producen chasquidos fuertes y repetitivos a medida que avanza la exploraci\u00f3n. En ocasiones, los pacientes necesitan inyecciones de l\u00edquido (colorante de contraste) por v\u00eda intravenosa para mejorar las im\u00e1genes obtenidas. La duraci\u00f3n de la RM depende de la zona exacta del cuerpo estudiada, pero oscila entre 30 minutos y una hora.<\/p>\n<h5><strong>\u00bfC\u00f3mo obtiene el paciente los resultados de la resonancia magn\u00e9tica?<\/strong><\/h5>\n<p>Una vez finalizada la resonancia magn\u00e9tica, el ordenador genera im\u00e1genes visuales de la zona del cuerpo explorada. Estas im\u00e1genes pueden transferirse a una pel\u00edcula (copia impresa) o grabarse en un CD. Un radi\u00f3logo es un m\u00e9dico especialmente formado para interpretar im\u00e1genes del cuerpo. La interpretaci\u00f3n se transmite en forma de informe al m\u00e9dico que solicit\u00f3 la RM. A continuaci\u00f3n, el m\u00e9dico puede comentar los resultados con el paciente y\/o su familia.<\/p>\n<\/div><div class=\"fusion-clearfix\"><\/div><\/div><\/div><div class=\"fusion-layout-column fusion_builder_column fusion-builder-column-2 fusion_builder_column_1_3 1_3 fusion-one-third fusion-column-last\" style=\"--awb-bg-size:cover;width:33.333333333333%;width:calc(33.333333333333% - ( ( 4% ) * 0.33333333333333 ) );\"><div class=\"fusion-column-wrapper fusion-column-has-shadow fusion-flex-column-wrapper-legacy\"><div class=\"fusion-image-element in-legacy-container\" style=\"--awb-caption-title-font-family:var(--h2_typography-font-family);--awb-caption-title-font-weight:var(--h2_typography-font-weight);--awb-caption-title-font-style:var(--h2_typography-font-style);--awb-caption-title-size:var(--h2_typography-font-size);--awb-caption-title-transform:var(--h2_typography-text-transform);--awb-caption-title-line-height:var(--h2_typography-line-height);--awb-caption-title-letter-spacing:var(--h2_typography-letter-spacing);\"><span class=\"fusion-imageframe imageframe-none imageframe-1 hover-type-none\"><img decoding=\"async\" width=\"1000\" height=\"667\" title=\"1\" src=\"https:\/\/mricentersoftexas.com\/wp-content\/uploads\/2016\/02\/1.jpg\" alt class=\"img-responsive wp-image-359\" srcset=\"https:\/\/mricentersoftexas.com\/wp-content\/uploads\/2016\/02\/1-300x200.jpg 300w, https:\/\/mricentersoftexas.com\/wp-content\/uploads\/2016\/02\/1-768x512.jpg 768w, https:\/\/mricentersoftexas.com\/wp-content\/uploads\/2016\/02\/1.jpg 1000w\" sizes=\"(max-width: 1000px) 100vw, 1000px\" \/><\/span><\/div><div class=\"fusion-sep-clear\"><\/div><div class=\"fusion-separator fusion-full-width-sep\" style=\"margin-left: auto;margin-right: auto;width:100%;\"><div class=\"fusion-separator-border sep-single\" style=\"--awb-height:20px;--awb-amount:20px;border-color:#3e3e3e;border-top-width:0px;\"><\/div><\/div><div class=\"fusion-sep-clear\"><\/div><div class=\"fusion-image-element in-legacy-container\" style=\"--awb-caption-title-font-family:var(--h2_typography-font-family);--awb-caption-title-font-weight:var(--h2_typography-font-weight);--awb-caption-title-font-style:var(--h2_typography-font-style);--awb-caption-title-size:var(--h2_typography-font-size);--awb-caption-title-transform:var(--h2_typography-text-transform);--awb-caption-title-line-height:var(--h2_typography-line-height);--awb-caption-title-letter-spacing:var(--h2_typography-letter-spacing);\"><span class=\"fusion-imageframe imageframe-none imageframe-2 hover-type-none\"><img decoding=\"async\" width=\"1366\" height=\"894\" title=\"IMG_0131\" src=\"https:\/\/mricentersoftexas.com\/wp-content\/uploads\/2019\/08\/IMG_0131.jpg\" alt class=\"img-responsive wp-image-698\" srcset=\"https:\/\/mricentersoftexas.com\/wp-content\/uploads\/2019\/08\/IMG_0131-200x131.jpg 200w, https:\/\/mricentersoftexas.com\/wp-content\/uploads\/2019\/08\/IMG_0131-400x262.jpg 400w, https:\/\/mricentersoftexas.com\/wp-content\/uploads\/2019\/08\/IMG_0131-600x393.jpg 600w, https:\/\/mricentersoftexas.com\/wp-content\/uploads\/2019\/08\/IMG_0131-800x524.jpg 800w, https:\/\/mricentersoftexas.com\/wp-content\/uploads\/2019\/08\/IMG_0131-1200x785.jpg 1200w, https:\/\/mricentersoftexas.com\/wp-content\/uploads\/2019\/08\/IMG_0131.jpg 1366w\" sizes=\"(max-width: 800px) 100vw, 400px\" \/><\/span><\/div><div class=\"fusion-clearfix\"><\/div><\/div><\/div><\/div><\/div>","protected":false},"excerpt":{"rendered":"","protected":false},"author":2,"featured_media":0,"parent":0,"menu_order":0,"comment_status":"closed","ping_status":"closed","template":"100-width.php","meta":{"_acf_changed":false,"footnotes":""},"class_list":["post-650","page","type-page","status-publish","hentry"],"acf":[],"_links":{"self":[{"href":"https:\/\/mricentersoftexas.com\/es\/wp-json\/wp\/v2\/pages\/650","targetHints":{"allow":["GET"]}}],"collection":[{"href":"https:\/\/mricentersoftexas.com\/es\/wp-json\/wp\/v2\/pages"}],"about":[{"href":"https:\/\/mricentersoftexas.com\/es\/wp-json\/wp\/v2\/types\/page"}],"author":[{"embeddable":true,"href":"https:\/\/mricentersoftexas.com\/es\/wp-json\/wp\/v2\/users\/2"}],"replies":[{"embeddable":true,"href":"https:\/\/mricentersoftexas.com\/es\/wp-json\/wp\/v2\/comments?post=650"}],"version-history":[{"count":10,"href":"https:\/\/mricentersoftexas.com\/es\/wp-json\/wp\/v2\/pages\/650\/revisions"}],"predecessor-version":[{"id":1289,"href":"https:\/\/mricentersoftexas.com\/es\/wp-json\/wp\/v2\/pages\/650\/revisions\/1289"}],"wp:attachment":[{"href":"https:\/\/mricentersoftexas.com\/es\/wp-json\/wp\/v2\/media?parent=650"}],"curies":[{"name":"wp","href":"https:\/\/api.w.org\/{rel}","templated":true}]}}