{"id":453,"date":"2019-01-31T20:41:15","date_gmt":"2019-01-31T20:41:15","guid":{"rendered":"https:\/\/mricentersoftexas.com\/?page_id=453"},"modified":"2025-03-11T15:45:12","modified_gmt":"2025-03-11T15:45:12","slug":"formularios-de-remision","status":"publish","type":"page","link":"https:\/\/mricentersoftexas.com\/es\/referral-forms\/","title":{"rendered":"Formularios de remisi\u00f3n"},"content":{"rendered":"<div class=\"fusion-fullwidth fullwidth-box fusion-builder-row-1 fusion-flex-container nonhundred-percent-fullwidth non-hundred-percent-height-scrolling\" style=\"--awb-border-radius-top-left:0px;--awb-border-radius-top-right:0px;--awb-border-radius-bottom-right:0px;--awb-border-radius-bottom-left:0px;--awb-background-color:var(--awb-color1);--awb-flex-wrap:wrap;\" ><div class=\"fusion-builder-row fusion-row fusion-flex-align-items-flex-start fusion-flex-content-wrap\" style=\"max-width:1216.8px;margin-left: calc(-4% \/ 2 );margin-right: calc(-4% \/ 2 );\"><div class=\"fusion-layout-column fusion_builder_column fusion-builder-column-0 fusion_builder_column_1_1 1_1 fusion-flex-column\" style=\"--awb-bg-size:cover;--awb-width-large:100%;--awb-margin-top-large:0px;--awb-spacing-right-large:1.92%;--awb-margin-bottom-large:0px;--awb-spacing-left-large:1.92%;--awb-width-medium:100%;--awb-spacing-right-medium:1.92%;--awb-spacing-left-medium:1.92%;--awb-width-small:100%;--awb-spacing-right-small:1.92%;--awb-spacing-left-small:1.92%;\"><div class=\"fusion-column-wrapper fusion-flex-justify-content-flex-start fusion-content-layout-column\"><div class=\"fusion-text fusion-text-1\"><p>Descargue nuestros formularios de remisi\u00f3n a trav\u00e9s de adobe reader y env\u00edelos por correo electr\u00f3nico a <a href=\"mailto:referral@mrioftx.com\">referral@mrioftx.com<\/a><\/p>\n<p>&nbsp;<\/p>\n<p><a href=\"https:\/\/mricentersoftexas.com\/wp-content\/uploads\/2025\/03\/DFW-Script-1.pdf\" target=\"_blank\" rel=\"noopener\">Dallas - Fort Worth Gui\u00f3n<\/a><\/p>\n<p><a href=\"https:\/\/mricentersoftexas.com\/wp-content\/uploads\/2025\/03\/1742014_MRI-Houston-Script_123024-1.pdf\" target=\"_blank\" rel=\"noopener\">Gui\u00f3n de Houston<\/a><\/p>\n<p><a href=\"https:\/\/mricentersoftexas.com\/wp-content\/uploads\/2025\/03\/SAN-ANTONIO-SCRIPT-1.pdf\">Gui\u00f3n de San Antonio<\/a><\/p>\n<p><a href=\"https:\/\/mricentersoftexas.com\/wp-content\/uploads\/2025\/03\/AUSTIN-SCRIPT-.pdf\" target=\"_blank\" rel=\"noopener\">Gui\u00f3n de Austin<\/a><\/p>\n<p><a href=\"https:\/\/mricentersoftexas.com\/wp-content\/uploads\/2025\/03\/1742014_MRI-El-Paso-Script_012225-1.pdf\">El Paso<\/a><\/p>\n<\/div><\/div><\/div><\/div><\/div>","protected":false},"excerpt":{"rendered":"","protected":false},"author":2,"featured_media":0,"parent":0,"menu_order":0,"comment_status":"closed","ping_status":"closed","template":"","meta":{"_acf_changed":false,"footnotes":""},"class_list":["post-453","page","type-page","status-publish","hentry"],"acf":[],"_links":{"self":[{"href":"https:\/\/mricentersoftexas.com\/es\/wp-json\/wp\/v2\/pages\/453","targetHints":{"allow":["GET"]}}],"collection":[{"href":"https:\/\/mricentersoftexas.com\/es\/wp-json\/wp\/v2\/pages"}],"about":[{"href":"https:\/\/mricentersoftexas.com\/es\/wp-json\/wp\/v2\/types\/page"}],"author":[{"embeddable":true,"href":"https:\/\/mricentersoftexas.com\/es\/wp-json\/wp\/v2\/users\/2"}],"replies":[{"embeddable":true,"href":"https:\/\/mricentersoftexas.com\/es\/wp-json\/wp\/v2\/comments?post=453"}],"version-history":[{"count":16,"href":"https:\/\/mricentersoftexas.com\/es\/wp-json\/wp\/v2\/pages\/453\/revisions"}],"predecessor-version":[{"id":1755,"href":"https:\/\/mricentersoftexas.com\/es\/wp-json\/wp\/v2\/pages\/453\/revisions\/1755"}],"wp:attachment":[{"href":"https:\/\/mricentersoftexas.com\/es\/wp-json\/wp\/v2\/media?parent=453"}],"curies":[{"name":"wp","href":"https:\/\/api.w.org\/{rel}","templated":true}]}}