{"id":332,"date":"2016-07-22T15:07:22","date_gmt":"2016-07-22T15:07:22","guid":{"rendered":"http:\/\/mricentersoftexas.com\/?page_id=332"},"modified":"2025-03-06T19:40:01","modified_gmt":"2025-03-06T19:40:01","slug":"politica-de-privacidad","status":"publish","type":"page","link":"https:\/\/mricentersoftexas.com\/es\/privacy-policy\/","title":{"rendered":"Pol\u00edtica de privacidad"},"content":{"rendered":"<div class=\"fusion-fullwidth fullwidth-box fusion-builder-row-1 fusion-flex-container nonhundred-percent-fullwidth non-hundred-percent-height-scrolling\" style=\"--awb-border-radius-top-left:0px;--awb-border-radius-top-right:0px;--awb-border-radius-bottom-right:0px;--awb-border-radius-bottom-left:0px;--awb-background-color:#ffffff;--awb-flex-wrap:wrap;\" ><div class=\"fusion-builder-row fusion-row fusion-flex-align-items-flex-start fusion-flex-content-wrap\" style=\"max-width:1216.8px;margin-left: calc(-4% \/ 2 );margin-right: calc(-4% \/ 2 );\"><div class=\"fusion-layout-column fusion_builder_column fusion-builder-column-0 fusion_builder_column_1_1 1_1 fusion-flex-column\" style=\"--awb-bg-size:cover;--awb-width-large:100%;--awb-margin-top-large:0px;--awb-spacing-right-large:1.92%;--awb-margin-bottom-large:0px;--awb-spacing-left-large:1.92%;--awb-width-medium:100%;--awb-spacing-right-medium:1.92%;--awb-spacing-left-medium:1.92%;--awb-width-small:100%;--awb-spacing-right-small:1.92%;--awb-spacing-left-small:1.92%;\"><div class=\"fusion-column-wrapper fusion-flex-justify-content-flex-start fusion-content-layout-column\"><div class=\"fusion-text fusion-text-1\"><h1><b>Pol\u00edtica de privacidad<\/b><\/h1>\n<p><strong>Descargo de responsabilidad<\/strong><\/p>\n<p>La informaci\u00f3n proporcionada por MRI Centers of Texas en este sitio web tiene \u00fanicamente fines informativos generales. No pretende constituir asesoramiento m\u00e9dico ni sustituir la obtenci\u00f3n de asesoramiento m\u00e9dico de un proveedor de atenci\u00f3n sanitaria autorizado. Los visitantes de este sitio web no deben actuar sobre la base de la informaci\u00f3n proporcionada sin buscar asesoramiento m\u00e9dico profesional.<\/p>\n<p>La transmisi\u00f3n y recepci\u00f3n de materiales proporcionados por este sitio web no pretenden crear una relaci\u00f3n m\u00e9dico-paciente. Le rogamos que no nos env\u00ede informaci\u00f3n confidencial hasta que se haya establecido dicha relaci\u00f3n.<\/p>\n<p>Aunque nos esforzamos por proporcionar informaci\u00f3n precisa y actualizada, no ofrecemos garant\u00edas de ning\u00fan tipo, expresas o impl\u00edcitas, sobre la integridad, exactitud, fiabilidad, idoneidad o disponibilidad con respecto al sitio web o la informaci\u00f3n, productos, servicios o gr\u00e1ficos relacionados contenidos en el sitio web para cualquier prop\u00f3sito.<\/p>\n<p>En ning\u00fan caso MRI Centers of Texas ser\u00e1 responsable de cualquier p\u00e9rdida o da\u00f1o, incluyendo sin limitaci\u00f3n, p\u00e9rdidas o da\u00f1os indirectos o consecuentes, o cualquier p\u00e9rdida o da\u00f1o derivado de la p\u00e9rdida de datos o beneficios que surjan de, o en conexi\u00f3n con, el uso de este sitio web.<\/p>\n<p>A trav\u00e9s de este sitio web, usted puede enlazar con otros sitios web que no est\u00e1n bajo el control de MRI Centers of Texas. No tenemos control alguno sobre la naturaleza, el contenido y la disponibilidad de dichos sitios. La inclusi\u00f3n de cualquier enlace no implica necesariamente una recomendaci\u00f3n ni respalda las opiniones expresadas en ellos.<\/p>\n<p><strong>Pol\u00edtica de privacidad<\/strong><\/p>\n<p>MRI Centers of Texas se compromete a proteger la privacidad de los visitantes de nuestro sitio web. Esta pol\u00edtica de privacidad describe c\u00f3mo recopilamos, utilizamos y protegemos la informaci\u00f3n que usted nos proporciona a trav\u00e9s de este sitio web.<\/p>\n<p>**Informaci\u00f3n que recopilamos<br clear=\"none\" \/>- Informaci\u00f3n personal como nombre, direcci\u00f3n de correo electr\u00f3nico, n\u00famero de tel\u00e9fono y cualquier otra informaci\u00f3n que proporcione a trav\u00e9s de formularios de contacto o suscripciones por correo electr\u00f3nico.<br clear=\"none\" \/>- Informaci\u00f3n no personal como direcciones IP, detalles del navegador y otros datos an\u00f3nimos recogidos a trav\u00e9s de cookies y tecnolog\u00edas similares.<\/p>\n<p><strong>Informaci\u00f3n que recopilamos:<\/strong><br \/>- Informaci\u00f3n personal como nombre, direcci\u00f3n de correo electr\u00f3nico, n\u00famero de tel\u00e9fono y cualquier otra informaci\u00f3n que proporcione a trav\u00e9s de formularios de contacto o suscripciones por correo electr\u00f3nico.<br \/>- Informaci\u00f3n no personal como direcciones IP, detalles del navegador y otros datos an\u00f3nimos recogidos a trav\u00e9s de cookies y tecnolog\u00edas similares.<\/p>\n<p>**SMS**<\/p>\n<p>Al proporcionar su n\u00famero de m\u00f3vil, acepta recibir recordatorios de citas, instrucciones previas y posteriores al procedimiento y otras actualizaciones relacionadas con la atenci\u00f3n sanitaria de MRI Centers of Texas. La frecuencia de los mensajes puede variar. Pueden aplicarse tarifas de mensajes y datos. Responda STOP para darse de baja en cualquier momento.<\/p>\n<p>El consentimiento por SMS y el n\u00famero de tel\u00e9fono no se vender\u00e1n, compartir\u00e1n ni revelar\u00e1n a terceros con fines de marketing.<\/p>\n<p>**Uso de la informaci\u00f3n:**<br clear=\"none\" \/>- Podemos utilizar la informaci\u00f3n que nos facilite para responder a sus consultas, prestarle servicios m\u00e9dicos y comunicarnos con usted acerca de nuestros servicios.<br clear=\"none\" \/>- No vendemos, comerciamos ni transferimos de ning\u00fan otro modo su informaci\u00f3n personal a terceros, excepto cuando la ley lo exige.<\/p>\n<p>\u00a0<\/p>\n<p><strong>Uso de la informaci\u00f3n:<\/strong><br \/>- Podemos utilizar la informaci\u00f3n que nos facilite para responder a sus consultas, prestarle servicios m\u00e9dicos y comunicarnos con usted acerca de nuestros servicios.<br \/>- No vendemos, comerciamos ni transferimos de ning\u00fan otro modo su informaci\u00f3n personal a terceros sin su consentimiento, salvo en los casos en que la ley lo exija.<\/p>\n<p><strong>Seguridad:<\/strong><br \/>- Tomamos medidas razonables para proteger su informaci\u00f3n personal frente al acceso, la divulgaci\u00f3n o la alteraci\u00f3n no autorizados.<br \/>- Sin embargo, no se puede garantizar que ninguna transmisi\u00f3n de datos por Internet o tecnolog\u00eda de almacenamiento de informaci\u00f3n sea 100% segura. Por lo tanto, aunque nos esforzamos por utilizar medios comercialmente aceptables para proteger su informaci\u00f3n personal, no podemos garantizar su seguridad absoluta.<\/p>\n<p><strong>Cambios en esta pol\u00edtica de privacidad:<\/strong><br \/>-MRI Centers of Texas puede actualizar esta Pol\u00edtica de Privacidad de vez en cuando. Le notificaremos cualquier cambio publicando la nueva Pol\u00edtica de Privacidad en esta p\u00e1gina.<\/p>\n<p>Al utilizar este sitio web, usted acepta los t\u00e9rminos de esta Pol\u00edtica de privacidad. Si no est\u00e1 de acuerdo con los t\u00e9rminos de esta Pol\u00edtica de privacidad, no utilice este sitio web.<\/p>\n<p>Si tiene alguna pregunta sobre esta cl\u00e1usula de exenci\u00f3n de responsabilidad y esta pol\u00edtica de privacidad, p\u00f3ngase en contacto con nosotros.<\/p>\n<\/div><\/div><\/div><\/div><\/div>","protected":false},"excerpt":{"rendered":"","protected":false},"author":2,"featured_media":0,"parent":0,"menu_order":0,"comment_status":"closed","ping_status":"closed","template":"","meta":{"_acf_changed":false,"footnotes":""},"class_list":["post-332","page","type-page","status-publish","hentry"],"acf":[],"_links":{"self":[{"href":"https:\/\/mricentersoftexas.com\/es\/wp-json\/wp\/v2\/pages\/332","targetHints":{"allow":["GET"]}}],"collection":[{"href":"https:\/\/mricentersoftexas.com\/es\/wp-json\/wp\/v2\/pages"}],"about":[{"href":"https:\/\/mricentersoftexas.com\/es\/wp-json\/wp\/v2\/types\/page"}],"author":[{"embeddable":true,"href":"https:\/\/mricentersoftexas.com\/es\/wp-json\/wp\/v2\/users\/2"}],"replies":[{"embeddable":true,"href":"https:\/\/mricentersoftexas.com\/es\/wp-json\/wp\/v2\/comments?post=332"}],"version-history":[{"count":12,"href":"https:\/\/mricentersoftexas.com\/es\/wp-json\/wp\/v2\/pages\/332\/revisions"}],"predecessor-version":[{"id":1745,"href":"https:\/\/mricentersoftexas.com\/es\/wp-json\/wp\/v2\/pages\/332\/revisions\/1745"}],"wp:attachment":[{"href":"https:\/\/mricentersoftexas.com\/es\/wp-json\/wp\/v2\/media?parent=332"}],"curies":[{"name":"wp","href":"https:\/\/api.w.org\/{rel}","templated":true}]}}