{"id":1771,"date":"2025-03-11T22:23:12","date_gmt":"2025-03-11T22:23:12","guid":{"rendered":"https:\/\/mricentersoftexas.com\/?page_id=1771"},"modified":"2025-03-12T02:38:46","modified_gmt":"2025-03-12T02:38:46","slug":"condiciones-generales","status":"publish","type":"page","link":"https:\/\/mricentersoftexas.com\/es\/terms-and-conditions\/","title":{"rendered":"Condiciones generales"},"content":{"rendered":"<div class=\"fusion-fullwidth fullwidth-box fusion-builder-row-1 fusion-flex-container nonhundred-percent-fullwidth non-hundred-percent-height-scrolling\" style=\"--awb-border-radius-top-left:0px;--awb-border-radius-top-right:0px;--awb-border-radius-bottom-right:0px;--awb-border-radius-bottom-left:0px;--awb-background-color:#ffffff;--awb-flex-wrap:wrap;\" ><div class=\"fusion-builder-row fusion-row fusion-flex-align-items-flex-start fusion-flex-content-wrap\" style=\"max-width:1216.8px;margin-left: calc(-4% \/ 2 );margin-right: calc(-4% \/ 2 );\"><div class=\"fusion-layout-column fusion_builder_column fusion-builder-column-0 fusion_builder_column_1_1 1_1 fusion-flex-column\" style=\"--awb-bg-size:cover;--awb-width-large:100%;--awb-margin-top-large:0px;--awb-spacing-right-large:1.92%;--awb-margin-bottom-large:0px;--awb-spacing-left-large:1.92%;--awb-width-medium:100%;--awb-spacing-right-medium:1.92%;--awb-spacing-left-medium:1.92%;--awb-width-small:100%;--awb-spacing-right-small:1.92%;--awb-spacing-left-small:1.92%;\"><div class=\"fusion-column-wrapper fusion-flex-justify-content-flex-start fusion-content-layout-column\"><div class=\"fusion-text fusion-text-1\"><p style=\"font-weight: 400;\"><strong>T\u00e9rminos y condiciones de los SMS<\/strong><\/p>\n<p style=\"font-weight: 400;\"><strong>1- Comunicaci\u00f3n de consentimiento por SMS:<\/strong><\/p>\n<p style=\"font-weight: 400;\">La informaci\u00f3n (n\u00fameros de tel\u00e9fono) obtenida como parte del proceso de consentimiento de SMS no se compartir\u00e1 con terceros con fines de marketing.<\/p>\n<p style=\"font-weight: 400;\"><strong>2- Tipos de comunicaciones SMS:<\/strong><\/p>\n<p style=\"font-weight: 400;\">Si ha dado su consentimiento para recibir mensajes de texto de MRI Centers of Texas, puede recibir mensajes relacionados con lo siguiente (proporcione ejemplos espec\u00edficos):<\/p>\n<ul style=\"font-weight: 400;\">\n<li>Recordatorio de citas<\/li>\n<li>Mensajes de seguimiento<\/li>\n<li>atenci\u00f3n al cliente<\/li>\n<\/ul>\n<p style=\"font-weight: 400;\"><strong><em>Por ejemplo:\u00a0<\/em>Centros de IRM de Texas:<\/strong>\u00a0Su cita est\u00e1 prevista para\u00a0<strong>Jueves, Ene 11, 2025, a las 2:30 PM<\/strong>. Por favor, llegue a tiempo y traiga su identificaci\u00f3n.<br \/>\nRespuesta\u00a0<strong>S\u00cd<\/strong>\u00a0para confirmar o\u00a0<strong>NO<\/strong>\u00a0cancelar. Respuesta\u00a0<strong>AYUDA<\/strong>\u00a0de apoyo o\u00a0<strong>STOP<\/strong>\u00a0para darse de baja. Pueden aplicarse tarifas de mensajes y datos.<\/p>\n<p style=\"font-weight: 400;\"><strong>La frecuencia de los mensajes var\u00eda.<\/strong><strong>3- Frecuencia de los mensajes:<\/strong><br \/>\nLa frecuencia de los mensajes puede variar en funci\u00f3n del tipo de comunicaci\u00f3n. Por ejemplo, puede recibir hasta un SMS por semana relacionado con sus recordatorios de citas, atenci\u00f3n al cliente<\/p>\n<p style=\"font-weight: 400;\"><strong>Por ejemplo:<\/strong><br \/>\n\"La frecuencia de los mensajes puede variar. Puede recibir hasta 1 SMS a la semana sobre sus citas o el estado de su cuenta.\"<\/p>\n<p style=\"font-weight: 400;\"><strong>4- Posibles tasas por mensajer\u00eda SMS:<\/strong><\/p>\n<p style=\"font-weight: 400;\">Tenga en cuenta que pueden aplicarse tarifas est\u00e1ndar de mensajes y datos, dependiendo del plan de precios de su operador. Estas tarifas pueden variar si el mensaje se env\u00eda a nivel nacional o internacional.<\/p>\n<p style=\"font-weight: 400;\"><strong>5- M\u00e9todo Opt-In:<\/strong><\/p>\n<p style=\"font-weight: 400;\">Puede optar por recibir mensajes SMS de MRI Centers of Texas de las siguientes maneras:<\/p>\n<ul style=\"font-weight: 400;\">\n<li>Enviando un formulario en l\u00ednea<\/li>\n<\/ul>\n<p style=\"font-weight: 400;\"><strong>6- M\u00e9todo Opt-Out:<\/strong><\/p>\n<p style=\"font-weight: 400;\">Puede dejar de recibir mensajes SMS en cualquier momento. Para ello, s\u00f3lo tiene que responder \"BAJA\" a cualquier mensaje SMS que reciba. Tambi\u00e9n puede ponerse en contacto directamente con nosotros para solicitar su baja de nuestra lista de mensajes.<\/p>\n<p style=\"font-weight: 400;\"><strong>\u00a0<\/strong><\/p>\n<p style=\"font-weight: 400;\"><strong>7- Ayuda:<\/strong><\/p>\n<p style=\"font-weight: 400;\">Si tiene alg\u00fan problema, puede responder con la palabra clave AYUDA. Tambi\u00e9n puedes pedirnos ayuda directamente <span style=\"color: #000080;\"><a style=\"color: #000080;\" href=\"https:\/\/mricentersoftexas.com\/es\/#contact\">AQU\u00cd.<\/a><\/span><\/p>\n<p style=\"font-weight: 400;\"><strong>Opciones adicionales:<\/strong><\/p>\n<ul style=\"font-weight: 400;\">\n<li>Si no desea recibir mensajes SMS, puede optar por no marcar la casilla de consentimiento de SMS en nuestros formularios.<\/li>\n<\/ul>\n<p style=\"font-weight: 400;\"><strong>8- Divulgaci\u00f3n de mensajes est\u00e1ndar:<\/strong><\/p>\n<ul style=\"font-weight: 400;\">\n<li>Pueden aplicarse tarifas de mensajes y datos.<\/li>\n<li>Puede darse de baja en cualquier momento enviando un mensaje de texto con la palabra \"STOP\".<\/li>\n<li>Si necesita ayuda, env\u00ede un mensaje de texto a \"HELP\" o visite nuestro <a href=\"https:\/\/mricentersoftexas.com\/es\/politica-de-privacidad\/\">Pol\u00edtica de privacidad<\/a> y <a href=\"https:\/\/mricentersoftexas.com\/es\/condiciones-generales\/\">Condiciones generales<\/a> p\u00e1ginas.<\/li>\n<li>La frecuencia de los mensajes puede variar<\/li>\n<\/ul>\n<\/div><\/div><\/div><\/div><\/div>","protected":false},"excerpt":{"rendered":"","protected":false},"author":9,"featured_media":0,"parent":0,"menu_order":0,"comment_status":"closed","ping_status":"closed","template":"","meta":{"_acf_changed":false,"footnotes":""},"class_list":["post-1771","page","type-page","status-publish","hentry"],"acf":[],"_links":{"self":[{"href":"https:\/\/mricentersoftexas.com\/es\/wp-json\/wp\/v2\/pages\/1771","targetHints":{"allow":["GET"]}}],"collection":[{"href":"https:\/\/mricentersoftexas.com\/es\/wp-json\/wp\/v2\/pages"}],"about":[{"href":"https:\/\/mricentersoftexas.com\/es\/wp-json\/wp\/v2\/types\/page"}],"author":[{"embeddable":true,"href":"https:\/\/mricentersoftexas.com\/es\/wp-json\/wp\/v2\/users\/9"}],"replies":[{"embeddable":true,"href":"https:\/\/mricentersoftexas.com\/es\/wp-json\/wp\/v2\/comments?post=1771"}],"version-history":[{"count":5,"href":"https:\/\/mricentersoftexas.com\/es\/wp-json\/wp\/v2\/pages\/1771\/revisions"}],"predecessor-version":[{"id":1778,"href":"https:\/\/mricentersoftexas.com\/es\/wp-json\/wp\/v2\/pages\/1771\/revisions\/1778"}],"wp:attachment":[{"href":"https:\/\/mricentersoftexas.com\/es\/wp-json\/wp\/v2\/media?parent=1771"}],"curies":[{"name":"wp","href":"https:\/\/api.w.org\/{rel}","templated":true}]}}