{"id":1600,"date":"2022-09-19T15:11:23","date_gmt":"2022-09-19T15:11:23","guid":{"rendered":"https:\/\/mricentersoftexas.com\/?page_id=1600"},"modified":"2022-09-19T15:25:02","modified_gmt":"2022-09-19T15:25:02","slug":"que-es-una-resonancia-magnetica-digital","status":"publish","type":"page","link":"https:\/\/mricentersoftexas.com\/es\/what-is-a-digital-mri\/","title":{"rendered":"\u00bfQu\u00e9 es una resonancia magn\u00e9tica digital?"},"content":{"rendered":"<div class=\"fusion-fullwidth fullwidth-box fusion-builder-row-1 nonhundred-percent-fullwidth non-hundred-percent-height-scrolling\" style=\"--awb-border-radius-top-left:0px;--awb-border-radius-top-right:0px;--awb-border-radius-bottom-right:0px;--awb-border-radius-bottom-left:0px;--awb-background-color:#ffffff;--awb-flex-wrap:wrap;\" ><div class=\"fusion-builder-row fusion-row\"><div class=\"fusion-layout-column fusion_builder_column fusion-builder-column-0 fusion_builder_column_1_1 1_1 fusion-one-full fusion-column-first fusion-column-last\" style=\"--awb-bg-size:cover;\"><div class=\"fusion-column-wrapper fusion-column-has-shadow fusion-flex-column-wrapper-legacy\"><div class=\"fusion-title title fusion-title-1 fusion-title-text fusion-title-size-one\"><h1 class=\"fusion-title-heading title-heading-left fusion-responsive-typography-calculated\" style=\"margin:0;--fontSize:40;line-height:1.4;\">\u00bfQu\u00e9 es una resonancia magn\u00e9tica digital?<\/h1><span class=\"awb-title-spacer\"><\/span><div class=\"title-sep-container\"><div class=\"title-sep sep- sep-solid\" style=\"border-color:#3e3e3e;\"><\/div><\/div><\/div><div class=\"fusion-text fusion-text-1\"><p>La exclusiva arquitectura de RM digital de banda ancha de Philips, dStream, muestrea la se\u00f1al de RM directamente en la bobina de RF en el paciente. La transmisi\u00f3n por fibra \u00f3ptica de los datos digitales de banda ancha desde la bobina hasta el reconstructor de im\u00e1genes elimina las posibles influencias del ruido t\u00edpicas de las v\u00edas anal\u00f3gicas. El amplificador de potencia de RF de estado s\u00f3lido de alto rendimiento de 18 kW proporciona la energ\u00eda necesaria para manejar incluso pacientes muy grandes. Tanto la transmisi\u00f3n como la recepci\u00f3n de RF est\u00e1n sincronizadas mediante la arquitectura de red dSync Digital, que aporta tiempos de loopback r\u00e1pidos y un modelado de la forma de onda de alta resoluci\u00f3n para facilitar el desarrollo de nuevos m\u00e9todos y aplicaciones de RM.<\/p>\n<\/div><div class=\"fusion-clearfix\"><\/div><\/div><\/div><\/div><\/div>","protected":false},"excerpt":{"rendered":"","protected":false},"author":4,"featured_media":0,"parent":0,"menu_order":0,"comment_status":"closed","ping_status":"closed","template":"100-width.php","meta":{"_acf_changed":false,"footnotes":""},"class_list":["post-1600","page","type-page","status-publish","hentry"],"acf":[],"_links":{"self":[{"href":"https:\/\/mricentersoftexas.com\/es\/wp-json\/wp\/v2\/pages\/1600","targetHints":{"allow":["GET"]}}],"collection":[{"href":"https:\/\/mricentersoftexas.com\/es\/wp-json\/wp\/v2\/pages"}],"about":[{"href":"https:\/\/mricentersoftexas.com\/es\/wp-json\/wp\/v2\/types\/page"}],"author":[{"embeddable":true,"href":"https:\/\/mricentersoftexas.com\/es\/wp-json\/wp\/v2\/users\/4"}],"replies":[{"embeddable":true,"href":"https:\/\/mricentersoftexas.com\/es\/wp-json\/wp\/v2\/comments?post=1600"}],"version-history":[{"count":3,"href":"https:\/\/mricentersoftexas.com\/es\/wp-json\/wp\/v2\/pages\/1600\/revisions"}],"predecessor-version":[{"id":1603,"href":"https:\/\/mricentersoftexas.com\/es\/wp-json\/wp\/v2\/pages\/1600\/revisions\/1603"}],"wp:attachment":[{"href":"https:\/\/mricentersoftexas.com\/es\/wp-json\/wp\/v2\/media?parent=1600"}],"curies":[{"name":"wp","href":"https:\/\/api.w.org\/{rel}","templated":true}]}}